{"id":9615,"date":"2024-01-05T00:09:33","date_gmt":"2024-01-04T21:09:33","guid":{"rendered":"https:\/\/www.gtn-turkey.com\/other-sector-products\/"},"modified":"2024-08-26T18:40:18","modified_gmt":"2024-08-26T15:40:18","slug":"otros-productos-del-sector","status":"publish","type":"page","link":"https:\/\/www.gtn-turkey.com\/es\/otros-productos-del-sector\/","title":{"rendered":"Otros productos del sector"},"content":{"rendered":"<section class=\"l-section wpb_row height_custom color_primary with_img\"><div class=\"l-section-img\" role=\"img\" data-img-width=\"1920\" data-img-height=\"800\" style=\"background-image: url(https:\/\/www.gtn-turkey.com\/wp-content\/uploads\/2024\/01\/other-sectors-bg.jpg);\"><\/div><div class=\"l-section-h i-cf\"><div class=\"g-cols vc_row via_grid cols_1 laptops-cols_inherit tablets-cols_inherit mobiles-cols_1 valign_top type_default stacking_default\"><div class=\"wpb_column vc_column_container\"><div class=\"vc_column-inner\"><div class=\"wpb_text_column\"><div class=\"wpb_wrapper\"><h1 style=\"text-align: center;\">Otros productos del sector<\/h1>\n<\/div><\/div><div class=\"wpb_text_column\"><div class=\"wpb_wrapper\"><h2 style=\"text-align: center;\">Soluciones ilimitadas, innovaciones infinitas<\/h2>\n<\/div><\/div><div class=\"w-separator size_medium\"><\/div><\/div><\/div><\/div><\/div><\/section><section class=\"l-section wpb_row height_medium\"><div class=\"l-section-h i-cf\"><div class=\"g-cols vc_row via_grid cols_2 laptops-cols_inherit tablets-cols_inherit mobiles-cols_1 valign_top type_default stacking_default\" style=\"--gap:4vw;\"><div class=\"wpb_column vc_column_container\"><div class=\"vc_column-inner\"><div class=\"w-image us_custom_5e8a7298 style_shadow-1 align_center\"><div class=\"w-image-h\"><img decoding=\"async\" width=\"1024\" height=\"576\" src=\"https:\/\/www.gtn-turkey.com\/wp-content\/uploads\/2024\/01\/home-flight-case-1024x576.jpg\" class=\"attachment-large size-large\" alt=\"\" loading=\"lazy\" srcset=\"https:\/\/www.gtn-turkey.com\/wp-content\/uploads\/2024\/01\/home-flight-case-1024x576.jpg 1024w, https:\/\/www.gtn-turkey.com\/wp-content\/uploads\/2024\/01\/home-flight-case-300x169.jpg 300w, https:\/\/www.gtn-turkey.com\/wp-content\/uploads\/2024\/01\/home-flight-case-1536x864.jpg 1536w, https:\/\/www.gtn-turkey.com\/wp-content\/uploads\/2024\/01\/home-flight-case.jpg 1920w\" sizes=\"auto, (max-width: 1024px) 100vw, 1024px\" \/><\/div><\/div><\/div><\/div><div class=\"wpb_column vc_column_container\"><div class=\"vc_column-inner\"><div class=\"wpb_text_column us_custom_d98eb4eb title\"><div class=\"wpb_wrapper\"><h4>Malet\u00edn de vuelo y hardware<\/h4>\n<\/div><\/div><div class=\"w-separator size_small\"><\/div><div class=\"wpb_text_column us_custom_d98eb4eb\"><div class=\"wpb_wrapper\"><p>Descubra la combinaci\u00f3n perfecta de durabilidad y funcionalidad con nuestras flight cases y soluciones de hardware de primera calidad. Como fabricante l\u00edder, nos enorgullecemos de crear flight cases de la m\u00e1xima calidad dise\u00f1ados para proteger su valioso equipo durante los viajes y las actuaciones. Nuestra amplia gama abarca maletas para diversos sectores, lo que garantiza una soluci\u00f3n de transporte segura para su equipo.<br \/>\nAdem\u00e1s de nuestras flight cases de calidad superior, ofrecemos una amplia selecci\u00f3n de herrajes de alta calidad dise\u00f1ados para mejorar la funcionalidad de sus maletas. Desde cerraduras fiables hasta asas robustas y herrajes de precisi\u00f3n, nuestra colecci\u00f3n de herrajes complementa a la perfecci\u00f3n nuestras flight cases.<\/p>\n<\/div><\/div><\/div><\/div><\/div><\/div><\/section><section class=\"l-section wpb_row height_medium\"><div class=\"l-section-h i-cf\"><div class=\"g-cols vc_row via_grid cols_2 laptops-cols_inherit tablets-cols_inherit mobiles-cols_1 valign_top type_default stacking_default\" style=\"--gap:4vw;\"><div class=\"wpb_column vc_column_container\"><div class=\"vc_column-inner\"><div class=\"wpb_text_column us_custom_d98eb4eb title\"><div class=\"wpb_wrapper\"><h4>Componentes y accesorios de muebles<\/h4>\n<\/div><\/div><div class=\"w-separator size_small\"><\/div><div class=\"wpb_text_column us_custom_d98eb4eb\"><div class=\"wpb_wrapper\"><p>Explore nuestra cuidada colecci\u00f3n de componentes y accesorios de mobiliario de alta calidad, meticulosamente dise\u00f1ados para elevar sus espacios vitales.<br \/>\nDesde piezas modernas y elegantes hasta cl\u00e1sicos atemporales, ofrecemos una gama variada que se adapta a distintos estilos de mobiliario.<br \/>\nNuestros productos proceden de una amplia red de fabricantes y proveedores, lo que garantiza una calidad y un estilo de primera.<br \/>\nTransforme sus muebles y espacios vitales con los mejores componentes y accesorios.<\/p>\n<\/div><\/div><\/div><\/div><div class=\"wpb_column vc_column_container\"><div class=\"vc_column-inner\"><div class=\"w-image us_custom_5e8a7298 style_shadow-1 align_center\"><div class=\"w-image-h\"><img decoding=\"async\" width=\"560\" height=\"315\" src=\"https:\/\/www.gtn-turkey.com\/wp-content\/uploads\/2024\/01\/furniture-bg-01.jpg\" class=\"attachment-large size-large\" alt=\"\" loading=\"lazy\" srcset=\"https:\/\/www.gtn-turkey.com\/wp-content\/uploads\/2024\/01\/furniture-bg-01.jpg 560w, https:\/\/www.gtn-turkey.com\/wp-content\/uploads\/2024\/01\/furniture-bg-01-300x169.jpg 300w\" sizes=\"auto, (max-width: 560px) 100vw, 560px\" \/><\/div><\/div><\/div><\/div><\/div><\/div><\/section><section class=\"l-section wpb_row height_medium\"><div class=\"l-section-h i-cf\"><div class=\"g-cols vc_row via_grid cols_2 laptops-cols_inherit tablets-cols_inherit mobiles-cols_1 valign_top type_default stacking_default\" style=\"--gap:4vw;\"><div class=\"wpb_column vc_column_container\"><div class=\"vc_column-inner\"><div class=\"w-image us_custom_5e8a7298 style_shadow-1 align_center\"><div class=\"w-image-h\"><img decoding=\"async\" width=\"560\" height=\"315\" src=\"https:\/\/www.gtn-turkey.com\/wp-content\/uploads\/2024\/01\/textile-bg-03.jpg\" class=\"attachment-large size-large\" alt=\"\" loading=\"lazy\" srcset=\"https:\/\/www.gtn-turkey.com\/wp-content\/uploads\/2024\/01\/textile-bg-03.jpg 560w, https:\/\/www.gtn-turkey.com\/wp-content\/uploads\/2024\/01\/textile-bg-03-300x169.jpg 300w\" sizes=\"auto, (max-width: 560px) 100vw, 560px\" \/><\/div><\/div><\/div><\/div><div class=\"wpb_column vc_column_container\"><div class=\"vc_column-inner\"><div class=\"wpb_text_column us_custom_d98eb4eb title\"><div class=\"wpb_wrapper\"><h4>Productos textiles<\/h4>\n<\/div><\/div><div class=\"w-separator size_small\"><\/div><div class=\"wpb_text_column us_custom_d98eb4eb\"><div class=\"wpb_wrapper\"><p>Aproveche nuestra amplia red de fabricantes para satisfacer las demandas de sus productos pr\u00eat-\u00e0-porter.<br \/>\nEl\u00edjanos como su proveedor pr\u00e1ctico y socio de soluciones en este \u00e1mbito. Estamos aqu\u00ed para hacer realidad sus necesidades de aprovisionamiento.<\/p>\n<\/div><\/div><\/div><\/div><\/div><\/div><\/section><section class=\"l-section wpb_row height_auto width_full\"><div class=\"l-section-overlay\" style=\"background:#ed2124\"><\/div><div class=\"l-section-h i-cf\"><div class=\"g-cols vc_row via_grid cols_1 laptops-cols_inherit tablets-cols_inherit mobiles-cols_1 valign_middle type_default stacking_default\"><div class=\"wpb_column vc_column_container\"><div class=\"vc_column-inner\"><div class=\"w-separator size_small\"><\/div><div class=\"wpb_text_column us_custom_8b3d6790 has_text_color\"><div class=\"wpb_wrapper\"><h4 style=\"text-align: center;\">Si no encuentra lo que busca, h\u00e1ganoslo saber y se lo encontraremos.<br \/>\nP\u00f3ngase en contacto con nosotros para obtener m\u00e1s informaci\u00f3n.<\/h4>\n<\/div><\/div><div class=\"w-btn-wrapper align_center\"><a class=\"w-btn us-btn-style_8\" href=\"\/es\/contacto\"><span class=\"w-btn-label\">Contacto<\/span><\/a><\/div><div class=\"w-separator size_small\"><\/div><\/div><\/div><\/div><\/div><\/section>\n","protected":false},"excerpt":{"rendered":"Otros productos del sector Soluciones ilimitadas, innovaciones infinitas Malet\u00edn de vuelo y hardware Descubra la combinaci\u00f3n perfecta de durabilidad y funcionalidad con nuestras flight cases y soluciones de hardware de primera calidad. Como fabricante l\u00edder, nos enorgullecemos de crear flight cases de la m\u00e1xima calidad dise\u00f1ados para proteger su valioso equipo durante los viajes y...","protected":false},"author":1,"featured_media":0,"parent":0,"menu_order":0,"comment_status":"closed","ping_status":"closed","template":"","meta":{"footnotes":""},"class_list":["post-9615","page","type-page","status-publish","hentry"],"_links":{"self":[{"href":"https:\/\/www.gtn-turkey.com\/es\/wp-json\/wp\/v2\/pages\/9615","targetHints":{"allow":["GET"]}}],"collection":[{"href":"https:\/\/www.gtn-turkey.com\/es\/wp-json\/wp\/v2\/pages"}],"about":[{"href":"https:\/\/www.gtn-turkey.com\/es\/wp-json\/wp\/v2\/types\/page"}],"author":[{"embeddable":true,"href":"https:\/\/www.gtn-turkey.com\/es\/wp-json\/wp\/v2\/users\/1"}],"replies":[{"embeddable":true,"href":"https:\/\/www.gtn-turkey.com\/es\/wp-json\/wp\/v2\/comments?post=9615"}],"version-history":[{"count":3,"href":"https:\/\/www.gtn-turkey.com\/es\/wp-json\/wp\/v2\/pages\/9615\/revisions"}],"predecessor-version":[{"id":9624,"href":"https:\/\/www.gtn-turkey.com\/es\/wp-json\/wp\/v2\/pages\/9615\/revisions\/9624"}],"wp:attachment":[{"href":"https:\/\/www.gtn-turkey.com\/es\/wp-json\/wp\/v2\/media?parent=9615"}],"curies":[{"name":"wp","href":"https:\/\/api.w.org\/{rel}","templated":true}]}}