{"id":9611,"date":"2023-11-08T12:38:10","date_gmt":"2023-11-08T09:38:10","guid":{"rendered":"https:\/\/www.gtn-turkey.com\/automotive-spare-parts\/"},"modified":"2024-08-26T17:15:40","modified_gmt":"2024-08-26T14:15:40","slug":"recambios-de-automocion","status":"publish","type":"page","link":"https:\/\/www.gtn-turkey.com\/es\/recambios-de-automocion\/","title":{"rendered":"Recambios de automoci\u00f3n"},"content":{"rendered":"<section class=\"l-section wpb_row height_custom color_primary with_img\"><div class=\"l-section-img\" role=\"img\" data-img-width=\"1920\" data-img-height=\"800\" style=\"background-image: url(https:\/\/www.gtn-turkey.com\/wp-content\/uploads\/2024\/01\/spare-parts-bg.jpg);\"><\/div><div class=\"l-section-h i-cf\"><div class=\"g-cols vc_row via_grid cols_1 laptops-cols_inherit tablets-cols_inherit mobiles-cols_1 valign_top type_default stacking_default\"><div class=\"wpb_column vc_column_container\"><div class=\"vc_column-inner\"><div class=\"wpb_text_column\"><div class=\"wpb_wrapper\"><h1 style=\"text-align: center;\">Recambios de automoci\u00f3n<\/h1>\n<\/div><\/div><div class=\"wpb_text_column\"><div class=\"wpb_wrapper\"><h2 style=\"text-align: center;\">AUTOM\u00d3VIL &#8211; LCV &#8211; CAMI\u00d3N &#8211; N\u00c1UTICA<\/h2>\n<\/div><\/div><div class=\"w-separator size_medium\"><\/div><\/div><\/div><\/div><\/div><\/section><section class=\"l-section wpb_row height_custom width_custom\" style=\"--site-content-width:1600px;\" id=\"shop\"><div class=\"l-section-h i-cf\"><div class=\"g-cols vc_row via_grid cols_1 laptops-cols_inherit tablets-cols_inherit mobiles-cols_1 valign_top type_default stacking_default\"><div class=\"wpb_column vc_column_container\"><div class=\"vc_column-inner\"><div class=\"w-grid type_grid layout_8747 cols_5 pagination_infinite overflow_hidden\" id=\"us_grid_1\" style=\"--gap:5px;\" data-filterable=\"true\"><style>@media (max-width:1280px){#us_grid_1 .w-grid-item{width:25%}}@media (max-width:1024px){#us_grid_1 .w-grid-item{width:50%}}@media (max-width:600px){#us_grid_1 .w-grid-item{width:50%}}.layout_8747 .w-grid-item-h{background:var(--color-content-bg);color:var(--color-content-text);border-radius:0.3rem;box-shadow:0 0.03rem 0.06rem rgba(0,0,0,0.1),0 0.1rem 0.3rem rgba(0,0,0,0.1);transition-duration:0.3s}.no-touch .layout_8747 .w-grid-item-h:hover{box-shadow:0 0.1rem 0.2rem rgba(0,0,0,0.1),0 0.33rem 1rem rgba(0,0,0,0.15);z-index:4}.layout_8747 .usg_post_image_1{transition-duration:0.3s;transform-origin:50% 50%;transform:scale(1) translate(0%,0%)}.layout_8747 .w-grid-item-h:hover .usg_post_image_1{transform:scale(1) translate(0%,0%);opacity:1;background:var(--color-header-top-transparent-bg)!important}.layout_8747 .usg_vwrapper_1{transition-duration:0.2s;transform-origin:50% 50%;transform:scale(1) translate(0%,0%)}.layout_8747 .w-grid-item-h:hover .usg_vwrapper_1{transform:scale(1) translate(0%,-2.4rem);opacity:1;background:#ed2124!important;color:#ffffff!important}.layout_8747 .usg_vwrapper_1{background:inherit!important;padding:1rem 1.2rem 1rem 1.2rem!important}.layout_8747 .usg_post_title_1{color:inherit!important;font-size:1rem!important;margin-bottom:0.3rem!important}<\/style><div class=\"w-grid-list\">\t<article class=\"w-grid-item size_1x1 post-9748 us_portfolio type-us_portfolio status-publish has-post-thumbnail hentry us_portfolio_category-recambios-de-automocion\" data-id=\"9748\">\r\n\t\t<div class=\"w-grid-item-h\">\r\n\t\t\t\t\t\t<div class=\"w-post-elm post_image usg_post_image_1 stretched\"><img loading=\"lazy\" decoding=\"async\" width=\"600\" height=\"600\" src=\"https:\/\/www.gtn-turkey.com\/wp-content\/uploads\/2023\/12\/engine-components.png\" class=\"attachment-woocommerce_thumbnail size-woocommerce_thumbnail wp-post-image\" alt=\"\" srcset=\"https:\/\/www.gtn-turkey.com\/wp-content\/uploads\/2023\/12\/engine-components.png 600w, https:\/\/www.gtn-turkey.com\/wp-content\/uploads\/2023\/12\/engine-components-300x300.png 300w, https:\/\/www.gtn-turkey.com\/wp-content\/uploads\/2023\/12\/engine-components-150x150.png 150w\" sizes=\"auto, (max-width: 600px) 100vw, 600px\" \/><\/div><div class=\"w-vwrapper usg_vwrapper_1 align_center valign_top\"><h2 class=\"w-post-elm post_title usg_post_title_1 urunyazi has_text_color entry-title color_link_inherit\">Componentes del motor<\/h2><\/div>\t\t<\/div>\r\n\t\t\t<\/article>\r\n\t<article class=\"w-grid-item size_1x1 post-9746 us_portfolio type-us_portfolio status-publish has-post-thumbnail hentry us_portfolio_category-recambios-de-automocion\" data-id=\"9746\">\r\n\t\t<div class=\"w-grid-item-h\">\r\n\t\t\t\t\t\t<div class=\"w-post-elm post_image usg_post_image_1 stretched\"><img loading=\"lazy\" decoding=\"async\" width=\"600\" height=\"600\" src=\"https:\/\/www.gtn-turkey.com\/wp-content\/uploads\/2023\/12\/engine-cooling-system.png\" class=\"attachment-woocommerce_thumbnail size-woocommerce_thumbnail wp-post-image\" alt=\"\" srcset=\"https:\/\/www.gtn-turkey.com\/wp-content\/uploads\/2023\/12\/engine-cooling-system.png 600w, https:\/\/www.gtn-turkey.com\/wp-content\/uploads\/2023\/12\/engine-cooling-system-300x300.png 300w, https:\/\/www.gtn-turkey.com\/wp-content\/uploads\/2023\/12\/engine-cooling-system-150x150.png 150w\" sizes=\"auto, (max-width: 600px) 100vw, 600px\" \/><\/div><div class=\"w-vwrapper usg_vwrapper_1 align_center valign_top\"><h2 class=\"w-post-elm post_title usg_post_title_1 urunyazi has_text_color entry-title color_link_inherit\">Sistema de refrigeraci\u00f3n del motor<\/h2><\/div>\t\t<\/div>\r\n\t\t\t<\/article>\r\n\t<article class=\"w-grid-item size_1x1 post-9715 us_portfolio type-us_portfolio status-publish has-post-thumbnail hentry us_portfolio_category-recambios-de-automocion\" data-id=\"9715\">\r\n\t\t<div class=\"w-grid-item-h\">\r\n\t\t\t\t\t\t<div class=\"w-post-elm post_image usg_post_image_1 stretched\"><img loading=\"lazy\" decoding=\"async\" width=\"600\" height=\"600\" src=\"https:\/\/www.gtn-turkey.com\/wp-content\/uploads\/2023\/12\/air-conditioning.png\" class=\"attachment-woocommerce_thumbnail size-woocommerce_thumbnail wp-post-image\" alt=\"\" srcset=\"https:\/\/www.gtn-turkey.com\/wp-content\/uploads\/2023\/12\/air-conditioning.png 600w, https:\/\/www.gtn-turkey.com\/wp-content\/uploads\/2023\/12\/air-conditioning-300x300.png 300w, https:\/\/www.gtn-turkey.com\/wp-content\/uploads\/2023\/12\/air-conditioning-150x150.png 150w\" sizes=\"auto, (max-width: 600px) 100vw, 600px\" \/><\/div><div class=\"w-vwrapper usg_vwrapper_1 align_center valign_top\"><h2 class=\"w-post-elm post_title usg_post_title_1 urunyazi has_text_color entry-title color_link_inherit\">Aire acondicionado<\/h2><\/div>\t\t<\/div>\r\n\t\t\t<\/article>\r\n\t<article class=\"w-grid-item size_1x1 post-9714 us_portfolio type-us_portfolio status-publish has-post-thumbnail hentry us_portfolio_category-recambios-de-automocion\" data-id=\"9714\">\r\n\t\t<div class=\"w-grid-item-h\">\r\n\t\t\t\t\t\t<div class=\"w-post-elm post_image usg_post_image_1 stretched\"><img loading=\"lazy\" decoding=\"async\" width=\"600\" height=\"600\" src=\"https:\/\/www.gtn-turkey.com\/wp-content\/uploads\/2023\/12\/ventilation.png\" class=\"attachment-woocommerce_thumbnail size-woocommerce_thumbnail wp-post-image\" alt=\"\" srcset=\"https:\/\/www.gtn-turkey.com\/wp-content\/uploads\/2023\/12\/ventilation.png 600w, https:\/\/www.gtn-turkey.com\/wp-content\/uploads\/2023\/12\/ventilation-300x300.png 300w, https:\/\/www.gtn-turkey.com\/wp-content\/uploads\/2023\/12\/ventilation-150x150.png 150w\" sizes=\"auto, (max-width: 600px) 100vw, 600px\" \/><\/div><div class=\"w-vwrapper usg_vwrapper_1 align_center valign_top\"><h2 class=\"w-post-elm post_title usg_post_title_1 urunyazi has_text_color entry-title color_link_inherit\">Calefacci\u00f3n \/ Ventilaci\u00f3n<\/h2><\/div>\t\t<\/div>\r\n\t\t\t<\/article>\r\n\t<article class=\"w-grid-item size_1x1 post-9713 us_portfolio type-us_portfolio status-publish has-post-thumbnail hentry us_portfolio_category-recambios-de-automocion\" data-id=\"9713\">\r\n\t\t<div class=\"w-grid-item-h\">\r\n\t\t\t\t\t\t<div class=\"w-post-elm post_image usg_post_image_1 stretched\"><img loading=\"lazy\" decoding=\"async\" width=\"600\" height=\"600\" src=\"https:\/\/www.gtn-turkey.com\/wp-content\/uploads\/2023\/12\/belts.png\" class=\"attachment-woocommerce_thumbnail size-woocommerce_thumbnail wp-post-image\" alt=\"\" srcset=\"https:\/\/www.gtn-turkey.com\/wp-content\/uploads\/2023\/12\/belts.png 600w, https:\/\/www.gtn-turkey.com\/wp-content\/uploads\/2023\/12\/belts-300x300.png 300w, https:\/\/www.gtn-turkey.com\/wp-content\/uploads\/2023\/12\/belts-150x150.png 150w\" sizes=\"auto, (max-width: 600px) 100vw, 600px\" \/><\/div><div class=\"w-vwrapper usg_vwrapper_1 align_center valign_top\"><h2 class=\"w-post-elm post_title usg_post_title_1 urunyazi has_text_color entry-title color_link_inherit\">Correas \/ Cadenas \/ Rodillos<\/h2><\/div>\t\t<\/div>\r\n\t\t\t<\/article>\r\n\t<article class=\"w-grid-item size_1x1 post-9712 us_portfolio type-us_portfolio status-publish has-post-thumbnail hentry us_portfolio_category-recambios-de-automocion\" data-id=\"9712\">\r\n\t\t<div class=\"w-grid-item-h\">\r\n\t\t\t\t\t\t<div class=\"w-post-elm post_image usg_post_image_1 stretched\"><img loading=\"lazy\" decoding=\"async\" width=\"600\" height=\"600\" src=\"https:\/\/www.gtn-turkey.com\/wp-content\/uploads\/2023\/12\/brake-system.png\" class=\"attachment-woocommerce_thumbnail size-woocommerce_thumbnail wp-post-image\" alt=\"\" srcset=\"https:\/\/www.gtn-turkey.com\/wp-content\/uploads\/2023\/12\/brake-system.png 600w, https:\/\/www.gtn-turkey.com\/wp-content\/uploads\/2023\/12\/brake-system-300x300.png 300w, https:\/\/www.gtn-turkey.com\/wp-content\/uploads\/2023\/12\/brake-system-150x150.png 150w\" sizes=\"auto, (max-width: 600px) 100vw, 600px\" \/><\/div><div class=\"w-vwrapper usg_vwrapper_1 align_center valign_top\"><h2 class=\"w-post-elm post_title usg_post_title_1 urunyazi has_text_color entry-title color_link_inherit\">Sistema de frenos<\/h2><\/div>\t\t<\/div>\r\n\t\t\t<\/article>\r\n\t<article class=\"w-grid-item size_1x1 post-9711 us_portfolio type-us_portfolio status-publish has-post-thumbnail hentry us_portfolio_category-recambios-de-automocion\" data-id=\"9711\">\r\n\t\t<div class=\"w-grid-item-h\">\r\n\t\t\t\t\t\t<div class=\"w-post-elm post_image usg_post_image_1 stretched\"><img loading=\"lazy\" decoding=\"async\" width=\"600\" height=\"600\" src=\"https:\/\/www.gtn-turkey.com\/wp-content\/uploads\/2023\/12\/bearings.png\" class=\"attachment-woocommerce_thumbnail size-woocommerce_thumbnail wp-post-image\" alt=\"\" srcset=\"https:\/\/www.gtn-turkey.com\/wp-content\/uploads\/2023\/12\/bearings.png 600w, https:\/\/www.gtn-turkey.com\/wp-content\/uploads\/2023\/12\/bearings-300x300.png 300w, https:\/\/www.gtn-turkey.com\/wp-content\/uploads\/2023\/12\/bearings-150x150.png 150w\" sizes=\"auto, (max-width: 600px) 100vw, 600px\" \/><\/div><div class=\"w-vwrapper usg_vwrapper_1 align_center valign_top\"><h2 class=\"w-post-elm post_title usg_post_title_1 urunyazi has_text_color entry-title color_link_inherit\">Rodamientos<\/h2><\/div>\t\t<\/div>\r\n\t\t\t<\/article>\r\n\t<article class=\"w-grid-item size_1x1 post-9710 us_portfolio type-us_portfolio status-publish has-post-thumbnail hentry us_portfolio_category-recambios-de-automocion\" data-id=\"9710\">\r\n\t\t<div class=\"w-grid-item-h\">\r\n\t\t\t\t\t\t<div class=\"w-post-elm post_image usg_post_image_1 stretched\"><img loading=\"lazy\" decoding=\"async\" width=\"600\" height=\"600\" src=\"https:\/\/www.gtn-turkey.com\/wp-content\/uploads\/2023\/12\/suspension.png\" class=\"attachment-woocommerce_thumbnail size-woocommerce_thumbnail wp-post-image\" alt=\"\" srcset=\"https:\/\/www.gtn-turkey.com\/wp-content\/uploads\/2023\/12\/suspension.png 600w, https:\/\/www.gtn-turkey.com\/wp-content\/uploads\/2023\/12\/suspension-300x300.png 300w, https:\/\/www.gtn-turkey.com\/wp-content\/uploads\/2023\/12\/suspension-150x150.png 150w\" sizes=\"auto, (max-width: 600px) 100vw, 600px\" \/><\/div><div class=\"w-vwrapper usg_vwrapper_1 align_center valign_top\"><h2 class=\"w-post-elm post_title usg_post_title_1 urunyazi has_text_color entry-title color_link_inherit\">Suspensi\u00f3n<\/h2><\/div>\t\t<\/div>\r\n\t\t\t<\/article>\r\n\t<article class=\"w-grid-item size_1x1 post-9709 us_portfolio type-us_portfolio status-publish has-post-thumbnail hentry us_portfolio_category-recambios-de-automocion\" data-id=\"9709\">\r\n\t\t<div class=\"w-grid-item-h\">\r\n\t\t\t\t\t\t<div class=\"w-post-elm post_image usg_post_image_1 stretched\"><img loading=\"lazy\" decoding=\"async\" width=\"600\" height=\"600\" src=\"https:\/\/www.gtn-turkey.com\/wp-content\/uploads\/2023\/12\/steering.png\" class=\"attachment-woocommerce_thumbnail size-woocommerce_thumbnail wp-post-image\" alt=\"\" srcset=\"https:\/\/www.gtn-turkey.com\/wp-content\/uploads\/2023\/12\/steering.png 600w, https:\/\/www.gtn-turkey.com\/wp-content\/uploads\/2023\/12\/steering-300x300.png 300w, https:\/\/www.gtn-turkey.com\/wp-content\/uploads\/2023\/12\/steering-150x150.png 150w\" sizes=\"auto, (max-width: 600px) 100vw, 600px\" \/><\/div><div class=\"w-vwrapper usg_vwrapper_1 align_center valign_top\"><h2 class=\"w-post-elm post_title usg_post_title_1 urunyazi has_text_color entry-title color_link_inherit\">Direcci\u00f3n<\/h2><\/div>\t\t<\/div>\r\n\t\t\t<\/article>\r\n\t<article class=\"w-grid-item size_1x1 post-9708 us_portfolio type-us_portfolio status-publish has-post-thumbnail hentry us_portfolio_category-recambios-de-automocion\" data-id=\"9708\">\r\n\t\t<div class=\"w-grid-item-h\">\r\n\t\t\t\t\t\t<div class=\"w-post-elm post_image usg_post_image_1 stretched\"><img loading=\"lazy\" decoding=\"async\" width=\"600\" height=\"600\" src=\"https:\/\/www.gtn-turkey.com\/wp-content\/uploads\/2023\/12\/damping.png\" class=\"attachment-woocommerce_thumbnail size-woocommerce_thumbnail wp-post-image\" alt=\"\" srcset=\"https:\/\/www.gtn-turkey.com\/wp-content\/uploads\/2023\/12\/damping.png 600w, https:\/\/www.gtn-turkey.com\/wp-content\/uploads\/2023\/12\/damping-300x300.png 300w, https:\/\/www.gtn-turkey.com\/wp-content\/uploads\/2023\/12\/damping-150x150.png 150w\" sizes=\"auto, (max-width: 600px) 100vw, 600px\" \/><\/div><div class=\"w-vwrapper usg_vwrapper_1 align_center valign_top\"><h2 class=\"w-post-elm post_title usg_post_title_1 urunyazi has_text_color entry-title color_link_inherit\">Amortiguaci\u00f3n<\/h2><\/div>\t\t<\/div>\r\n\t\t\t<\/article>\r\n<\/div><div class=\"w-grid-preloader\">\t<div class=\"g-preloader type_1\">\r\n\t\t<div><\/div>\r\n\t<\/div>\r\n\t<\/div>\t\t\t<div class=\"g-loadmore \">\r\n\t\t\t\t<div class=\"g-preloader type_1\">\r\n\t\t\t\t\t<div><\/div>\r\n\t\t\t\t<\/div>\r\n\t\t\t\t<button class=\"w-btn us-btn-style_1\">\r\n\t\t\t\t\t<span class=\"w-btn-label\">Cargar m\u00e1s<\/span>\r\n\t\t\t\t<\/button>\r\n\t\t\t<\/div>\r\n\t\t\t\t<div class=\"w-grid-json hidden\" onclick='return {&quot;action&quot;:&quot;us_ajax_grid&quot;,&quot;infinite_scroll&quot;:true,&quot;max_num_pages&quot;:3,&quot;pagination&quot;:&quot;ajax&quot;,&quot;template_vars&quot;:{&quot;columns&quot;:&quot;5&quot;,&quot;exclude_items&quot;:&quot;none&quot;,&quot;img_size&quot;:&quot;default&quot;,&quot;ignore_items_size&quot;:0,&quot;items_layout&quot;:&quot;8747&quot;,&quot;items_offset&quot;:&quot;1&quot;,&quot;load_animation&quot;:&quot;none&quot;,&quot;overriding_link&quot;:&quot;%7B%22url%22%3A%22%22%7D&quot;,&quot;post_id&quot;:0,&quot;query_args&quot;:{&quot;post_type&quot;:[&quot;us_portfolio&quot;],&quot;tax_query&quot;:[{&quot;taxonomy&quot;:&quot;us_portfolio_category&quot;,&quot;field&quot;:&quot;slug&quot;,&quot;terms&quot;:[&quot;automotive-spare-parts&quot;,&quot;brake-system&quot;]}],&quot;post_status&quot;:[&quot;publish&quot;],&quot;posts_per_page&quot;:&quot;10&quot;},&quot;orderby_query_args&quot;:{&quot;orderby&quot;:{&quot;date&quot;:&quot;ASC&quot;}},&quot;type&quot;:&quot;grid&quot;,&quot;us_grid_post_type&quot;:&quot;us_portfolio&quot;,&quot;us_grid_ajax_index&quot;:1,&quot;us_grid_filter_query_string&quot;:null,&quot;us_grid_index&quot;:1,&quot;page_args&quot;:[],&quot;lang&quot;:&quot;es&quot;}}'><\/div>\r\n\t<\/div><\/div><\/div><\/div><\/div><\/section>\n","protected":false},"excerpt":{"rendered":"","protected":false},"author":1,"featured_media":0,"parent":0,"menu_order":1,"comment_status":"closed","ping_status":"closed","template":"","meta":{"footnotes":""},"class_list":["post-9611","page","type-page","status-publish","hentry"],"_links":{"self":[{"href":"https:\/\/www.gtn-turkey.com\/es\/wp-json\/wp\/v2\/pages\/9611","targetHints":{"allow":["GET"]}}],"collection":[{"href":"https:\/\/www.gtn-turkey.com\/es\/wp-json\/wp\/v2\/pages"}],"about":[{"href":"https:\/\/www.gtn-turkey.com\/es\/wp-json\/wp\/v2\/types\/page"}],"author":[{"embeddable":true,"href":"https:\/\/www.gtn-turkey.com\/es\/wp-json\/wp\/v2\/users\/1"}],"replies":[{"embeddable":true,"href":"https:\/\/www.gtn-turkey.com\/es\/wp-json\/wp\/v2\/comments?post=9611"}],"version-history":[{"count":1,"href":"https:\/\/www.gtn-turkey.com\/es\/wp-json\/wp\/v2\/pages\/9611\/revisions"}],"predecessor-version":[{"id":9612,"href":"https:\/\/www.gtn-turkey.com\/es\/wp-json\/wp\/v2\/pages\/9611\/revisions\/9612"}],"wp:attachment":[{"href":"https:\/\/www.gtn-turkey.com\/es\/wp-json\/wp\/v2\/media?parent=9611"}],"curies":[{"name":"wp","href":"https:\/\/api.w.org\/{rel}","templated":true}]}}