{"id":9607,"date":"2023-09-06T20:06:36","date_gmt":"2023-09-06T17:06:36","guid":{"rendered":"https:\/\/www.gtn-turkey.com\/corporate\/"},"modified":"2024-08-26T17:08:11","modified_gmt":"2024-08-26T14:08:11","slug":"corporativo","status":"publish","type":"page","link":"https:\/\/www.gtn-turkey.com\/es\/corporativo\/","title":{"rendered":"Corporativo"},"content":{"rendered":"<section class=\"l-section wpb_row height_custom color_primary with_img\"><div class=\"l-section-img\" role=\"img\" data-img-width=\"1920\" data-img-height=\"794\" style=\"background-image: url(https:\/\/www.gtn-turkey.com\/wp-content\/uploads\/2023\/12\/about-bg.jpg);\"><\/div><div class=\"l-section-overlay\" style=\"background:rgba(2,2,2,0.67)\"><\/div><div class=\"l-section-h i-cf\"><div class=\"g-cols vc_row via_grid cols_1 laptops-cols_inherit tablets-cols_inherit mobiles-cols_1 valign_top type_default stacking_default\"><div class=\"wpb_column vc_column_container\"><div class=\"vc_column-inner\"><h1 class=\"w-itext hide_on_mobiles type_zoomInChars align_center\" onclick='return {&quot;duration&quot;:150,&quot;delay&quot;:1500,&quot;disablePartAnimation&quot;:false,&quot;html_nbsp_char&quot;:true}'>Estamos\u00a0aqu\u00ed\u00a0para\u00a0ser\u00a0su\u00a0<span class=\"w-itext-part changesat_0 changesat_1 dynamic\" onclick='return [&quot;socio\\u00a0de\\u00a0soluciones&quot;,&quot;proveedor&quot;]'><span>socio&nbsp;de&nbsp;soluciones<\/span><\/span><\/h1><h3 class=\"w-itext hide_on_default hide_on_laptops hide_on_tablets type_zoomInChars align_left\" onclick='return {&quot;duration&quot;:150,&quot;delay&quot;:1500,&quot;disablePartAnimation&quot;:false,&quot;html_nbsp_char&quot;:true}'>Estamos\u00a0aqu\u00ed\u00a0para\u00a0ser\u00a0su\u00a0<span class=\"w-itext-part changesat_0 changesat_1 dynamic\" onclick='return [&quot;socio\\u00a0de\\u00a0soluciones&quot;,&quot;proveedor&quot;]'><span>socio&nbsp;de&nbsp;soluciones<\/span><\/span><\/h3><div class=\"w-separator size_large\"><\/div><\/div><\/div><\/div><\/div><\/section><section class=\"l-section wpb_row us_custom_f37d58fd height_custom with_img\"><div class=\"l-section-img\" role=\"img\" data-img-width=\"1920\" data-img-height=\"593\" style=\"background-image: url(https:\/\/www.gtn-turkey.com\/wp-content\/uploads\/2023\/12\/aboutbg-01.jpg);background-position: bottom center;background-repeat: no-repeat;\"><\/div><div class=\"l-section-h i-cf\"><div class=\"g-cols vc_row via_grid cols_2 laptops-cols_inherit tablets-cols_inherit mobiles-cols_1 valign_top type_default stacking_default\"><div class=\"wpb_column vc_column_container\"><div class=\"vc_column-inner\"><div class=\"wpb_text_column title\"><div class=\"wpb_wrapper\"><h2>Qui\u00e9nes somos?<\/h2>\n<\/div><\/div><\/div><\/div><div class=\"wpb_column vc_column_container\"><div class=\"vc_column-inner\"><div class=\"wpb_text_column with_collapsible_content\" data-content-height=\"240px\"><div class=\"wpb_wrapper\"><p>Bienvenido a GTN TURKEY<br \/>\nSu socio comercial de confianza para un suministro y soluciones sin fisuras<\/p>\n<p>Fundada en 2020, GTN TURKEY es una distinguida empresa comercial turca con amplia experiencia en el suministro y la exportaci\u00f3n de una amplia gama de productos en diversos sectores. Como su socio de soluciones de confianza, nos dedicamos a satisfacer sus necesidades de productos y servicios con competencia en diferentes industrias y grupos de productos.<\/p>\n<p>Nuestro modelo de negocio est\u00e1 meticulosamente dise\u00f1ado para simplificar su proceso de abastecimiento, eliminando la necesidad de relacionarse con m\u00faltiples proveedores.<br \/>\nEn GTN TURKEY, priorizamos la eficiencia y la excelencia, garantizando una experiencia sin fisuras para nuestros clientes.<\/p>\n<p>Explore nuestras amplias categor\u00edas de productos y perm\u00edtanos adaptar nuestros servicios a sus necesidades espec\u00edficas. Su satisfacci\u00f3n es nuestra principal prioridad.<\/p>\n<p>Para m\u00e1s informaci\u00f3n o para hablar de sus necesidades, no dude en ponerse en contacto con nosotros.<\/p>\n<\/div><div class=\"toggle-links align_none\"><button class=\"collapsible-content-more\">Mostrar m\u00e1s<\/button><button class=\"collapsible-content-less\">Mostrar menos<\/button><\/div><\/div><div class=\"w-separator size_custom\" style=\"height:10vh\"><\/div><\/div><\/div><\/div><\/div><\/section><section class=\"l-section wpb_row height_custom\"><div class=\"l-section-h i-cf\"><div class=\"g-cols vc_row via_grid cols_1 laptops-cols_inherit tablets-cols_inherit mobiles-cols_1 valign_top type_default stacking_default\"><div class=\"wpb_column vc_column_container\"><div class=\"vc_column-inner\"><div class=\"g-cols wpb_row via_grid cols_2 laptops-cols_inherit tablets-cols_inherit mobiles-cols_1 valign_middle type_default stacking_default\" style=\"--gap:3rem;\"><div class=\"wpb_column vc_column_container us_custom_7e20fa79 us_animate_this\"><div class=\"vc_column-inner\"><div class=\"w-iconbox iconpos_left style_default color_primary align_left\"><div class=\"w-iconbox-icon\" style=\"font-size:35px;\"><i class=\"fas fa-eye\"><\/i><\/div><div class=\"w-iconbox-meta\"><h3 class=\"w-iconbox-title\">Nuestra visi\u00f3n<\/h3><div class=\"w-iconbox-text\"><p>Ser pioneros del comercio exterior, crear valor para nuestros clientes en los mercados mundiales con los productos y servicios que ofrecemos, y configurar el comercio del futuro ofreciendo soluciones sostenibles en un mundo en constante desarrollo.<\/p>\n<\/div><\/div><\/div><\/div><\/div><div class=\"wpb_column vc_column_container us_custom_d628d18a us_animate_this\"><div class=\"vc_column-inner\"><div class=\"w-image align_center\"><div class=\"w-image-h\"><img decoding=\"async\" width=\"1024\" height=\"1024\" src=\"https:\/\/www.gtn-turkey.com\/wp-content\/uploads\/2023\/12\/vision.svg\" class=\"attachment-large size-large\" alt=\"\" loading=\"lazy\" \/><\/div><\/div><\/div><\/div><\/div><div class=\"w-separator size_large\"><\/div><div class=\"g-cols wpb_row via_grid cols_2 laptops-cols_inherit tablets-cols_inherit mobiles-cols_1 valign_middle type_default reversed stacking_default\" style=\"--gap:3rem;\"><div class=\"wpb_column vc_column_container us_custom_a640122a us_animate_this\"><div class=\"vc_column-inner\"><div class=\"w-image align_center\"><div class=\"w-image-h\"><img decoding=\"async\" width=\"1024\" height=\"1024\" src=\"https:\/\/www.gtn-turkey.com\/wp-content\/uploads\/2023\/12\/mission.svg\" class=\"attachment-large size-large\" alt=\"\" loading=\"lazy\" \/><\/div><\/div><\/div><\/div><div class=\"wpb_column vc_column_container us_custom_47474b22 us_animate_this\"><div class=\"vc_column-inner\"><div class=\"w-iconbox iconpos_left style_default color_primary align_left\"><div class=\"w-iconbox-icon\" style=\"font-size:35px;\"><i class=\"fas fa-crosshairs\"><\/i><\/div><div class=\"w-iconbox-meta\"><h3 class=\"w-iconbox-title\">Nuestra misi\u00f3n<\/h3><div class=\"w-iconbox-text\"><p>Satisfacer las necesidades de nuestros clientes, facilitar sus negocios y contribuir a su crecimiento ofreciendo soluciones de comercio exterior creativas e innovadoras con un entendimiento que pone la satisfacci\u00f3n del cliente en el centro. Aspiramos a ser una empresa proveedora y de comercio exterior que a\u00f1ada valor a la sociedad y al mundo formando la base de nuestro negocio con sostenibilidad y valores \u00e9ticos.<\/p>\n<\/div><\/div><\/div><\/div><\/div><\/div><\/div><\/div><\/div><\/div><\/section><section class=\"l-section wpb_row height_custom\"><div class=\"l-section-h i-cf\"><div class=\"g-cols vc_row via_grid cols_2 laptops-cols_inherit tablets-cols_inherit mobiles-cols_1 valign_middle type_default stacking_default\"><div class=\"wpb_column vc_column_container us_custom_7e20fa79 us_animate_this\"><div class=\"vc_column-inner\"><div class=\"w-iconbox iconpos_left style_default color_primary align_left\"><div class=\"w-iconbox-icon\" style=\"font-size:35px;\"><i class=\"fas fa-gem\"><\/i><\/div><div class=\"w-iconbox-meta\"><h3 class=\"w-iconbox-title\">Nuestros valores<\/h3><div class=\"w-iconbox-text\"><p>&#8211; Satisfacci\u00f3n del cliente: Nuestra prioridad es responder a las necesidades de nuestros clientes de la mejor manera posible y contribuir a su \u00e9xito.<\/p>\n<p>&#8211; Confianza y transparencia: Establecemos relaciones honestas y transparentes con nuestros socios comerciales y clientes y desarrollamos una cooperaci\u00f3n a largo plazo basada en la confianza.<\/p>\n<p>&#8211; Innovaci\u00f3n: Creamos nuevas oportunidades y somos pioneros en la creaci\u00f3n de valor siguiendo la tecnolog\u00eda y adapt\u00e1ndonos a unos mercados en constante evoluci\u00f3n.<\/p>\n<p>&#8211; Sostenibilidad: Actuamos con sensibilidad medioambiental y social y asumimos la responsabilidad de un mundo en el que las generaciones futuras puedan vivir con seguridad.<\/p>\n<\/div><\/div><\/div><\/div><\/div><div class=\"wpb_column vc_column_container us_custom_d628d18a us_animate_this\"><div class=\"vc_column-inner\"><div class=\"w-image align_center\"><div class=\"w-image-h\"><img decoding=\"async\" width=\"1024\" height=\"1024\" src=\"https:\/\/www.gtn-turkey.com\/wp-content\/uploads\/2023\/12\/values.svg\" class=\"attachment-large size-large\" alt=\"\" loading=\"lazy\" \/><\/div><\/div><\/div><\/div><\/div><\/div><\/section><section class=\"l-section wpb_row height_large with_img parallax_ver\"><div class=\"l-section-img\" role=\"img\" data-img-width=\"2000\" data-img-height=\"1333\" style=\"background-image: url(https:\/\/www.gtn-turkey.com\/wp-content\/uploads\/2023\/12\/about-us-bg-04.jpg);background-position: top center;\"><\/div><div class=\"l-section-overlay\" style=\"background:rgba(43,44,54,0.83)\"><\/div><div class=\"l-section-h i-cf\"><div class=\"g-cols vc_row via_grid cols_3 laptops-cols_inherit tablets-cols_inherit mobiles-cols_1 valign_top type_default stacking_default\"><div class=\"wpb_column vc_column_container\"><div class=\"vc_column-inner\"><div class=\"w-counter us_custom_a7accf4c has_text_color color_primary align_center has_font_size\" data-duration=\"4\"><div class=\"w-counter-value\"><span class=\"w-counter-value-part type_text\" data-final=\"\"><\/span><span class=\"w-counter-value-part type_number\" data-final=\"13\">0<\/span><span class=\"w-counter-value-part type_text\" data-final=\"+\"><\/span><\/div><h6 class=\"w-counter-title\">A\u00f1os de experiencia<\/h6><\/div><div class=\"w-separator size_small\"><\/div><div class=\"w-counter us_custom_a7accf4c has_text_color color_primary align_center has_font_size\" data-duration=\"3\"><div class=\"w-counter-value\"><span class=\"w-counter-value-part type_text\" data-final=\"\"><\/span><span class=\"w-counter-value-part type_number\" data-final=\"50\">0<\/span><span class=\"w-counter-value-part type_text\" data-final=\"+\"><\/span><\/div><h6 class=\"w-counter-title\">Grupos de productos<\/h6><\/div><\/div><\/div><div class=\"wpb_column vc_column_container\"><div class=\"vc_column-inner\"><div class=\"w-counter us_custom_23131392 has_text_color color_primary align_center has_font_size\" data-duration=\"4\"><div class=\"w-counter-value\"><span class=\"w-counter-value-part type_text\" data-final=\"\"><\/span><span class=\"w-counter-value-part type_number\" data-final=\"5\">0<\/span><span class=\"w-counter-value-part type_text\" data-final=\"\"><\/span><\/div><h6 class=\"w-counter-title\">Continentes<\/h6><\/div><div class=\"w-separator size_small\"><\/div><div class=\"w-counter us_custom_23131392 has_text_color color_primary align_center has_font_size\" data-duration=\"4\"><div class=\"w-counter-value\"><span class=\"w-counter-value-part type_text\" data-final=\"\"><\/span><span class=\"w-counter-value-part type_number\" data-final=\"350\">0<\/span><span class=\"w-counter-value-part type_text\" data-final=\"+\"><\/span><\/div><h6 class=\"w-counter-title\">Marcas<\/h6><\/div><\/div><\/div><div class=\"wpb_column vc_column_container\"><div class=\"vc_column-inner\"><div class=\"w-counter us_custom_23131392 has_text_color color_primary align_center has_font_size\" data-duration=\"5\"><div class=\"w-counter-value\"><span class=\"w-counter-value-part type_text\" data-final=\"\"><\/span><span class=\"w-counter-value-part type_number\" data-final=\"4\">0<\/span><span class=\"w-counter-value-part type_text\" data-final=\"+\"><\/span><\/div><h6 class=\"w-counter-title\">Sectores<\/h6><\/div><div class=\"w-separator size_small\"><\/div><div class=\"w-counter us_custom_a7accf4c has_text_color color_primary align_center has_font_size\" data-duration=\"5\"><div class=\"w-counter-value\"><span class=\"w-counter-value-part type_text\" data-final=\"\"><\/span><span class=\"w-counter-value-part type_number\" data-final=\"300.000\">200.000<\/span><span class=\"w-counter-value-part type_text\" data-final=\"+\"><\/span><\/div><h6 class=\"w-counter-title\">Productos de referencia<\/h6><\/div><\/div><\/div><\/div><\/div><\/section>\n","protected":false},"excerpt":{"rendered":"Estamos\u00a0aqu\u00ed\u00a0para\u00a0ser\u00a0su\u00a0socio&nbsp;de&nbsp;solucionesEstamos\u00a0aqu\u00ed\u00a0para\u00a0ser\u00a0su\u00a0socio&nbsp;de&nbsp;solucionesQui\u00e9nes somos? Bienvenido a GTN TURKEY Su socio comercial de confianza para un suministro y soluciones sin fisuras Fundada en 2020, GTN TURKEY es una distinguida empresa comercial turca con amplia experiencia en el suministro y la exportaci\u00f3n de una amplia gama de productos en diversos sectores. Como su socio de soluciones de confianza, nos...","protected":false},"author":1,"featured_media":0,"parent":0,"menu_order":0,"comment_status":"closed","ping_status":"closed","template":"","meta":{"footnotes":""},"class_list":["post-9607","page","type-page","status-publish","hentry"],"_links":{"self":[{"href":"https:\/\/www.gtn-turkey.com\/es\/wp-json\/wp\/v2\/pages\/9607","targetHints":{"allow":["GET"]}}],"collection":[{"href":"https:\/\/www.gtn-turkey.com\/es\/wp-json\/wp\/v2\/pages"}],"about":[{"href":"https:\/\/www.gtn-turkey.com\/es\/wp-json\/wp\/v2\/types\/page"}],"author":[{"embeddable":true,"href":"https:\/\/www.gtn-turkey.com\/es\/wp-json\/wp\/v2\/users\/1"}],"replies":[{"embeddable":true,"href":"https:\/\/www.gtn-turkey.com\/es\/wp-json\/wp\/v2\/comments?post=9607"}],"version-history":[{"count":2,"href":"https:\/\/www.gtn-turkey.com\/es\/wp-json\/wp\/v2\/pages\/9607\/revisions"}],"predecessor-version":[{"id":9609,"href":"https:\/\/www.gtn-turkey.com\/es\/wp-json\/wp\/v2\/pages\/9607\/revisions\/9609"}],"wp:attachment":[{"href":"https:\/\/www.gtn-turkey.com\/es\/wp-json\/wp\/v2\/media?parent=9607"}],"curies":[{"name":"wp","href":"https:\/\/api.w.org\/{rel}","templated":true}]}}